{"id":760,"date":"2020-07-25T11:23:46","date_gmt":"2020-07-25T11:23:46","guid":{"rendered":"http:\/\/www.darlingdesperados.com\/?page_id=760"},"modified":"2023-12-12T20:08:28","modified_gmt":"2023-12-12T20:08:28","slug":"wonderful-days","status":"publish","type":"page","link":"https:\/\/www.darlingdesperados.com\/?page_id=760","title":{"rendered":"WONDERFUL DAYS"},"content":{"rendered":"\n<p><strong>2019<\/strong><\/p>\n\n\n<div style=\"width: 474px;\" class=\"wp-video\"><!--[if lt IE 9]><script>document.createElement('video');<\/script><![endif]-->\n<video class=\"wp-video-shortcode\" id=\"video-760-1\" width=\"474\" height=\"474\" preload=\"metadata\" controls=\"controls\"><source type=\"video\/mp4\" src=\"https:\/\/www.darlingdesperados.com\/wp-content\/uploads\/Wonderful-Days.mp4?_=1\" \/><a href=\"https:\/\/www.darlingdesperados.com\/wp-content\/uploads\/Wonderful-Days.mp4\">https:\/\/www.darlingdesperados.com\/wp-content\/uploads\/Wonderful-Days.mp4<\/a><\/video><\/div>\n<p>Wonderful Days is an artistic clash between musicians, dancers,actors and videoartist from Stockholm,Sao Paulo and London to create a poetic resistant against the dystopian world we are living in.<\/p>\n<p>Performed at MDT Sthlm in May 2019 with finance from Musikverket and Unga Klara<\/p>\n<p><strong>Cast\/Crew-<\/strong>Dan Nakagawa,&nbsp;Ulrika Malmgren,Katta P\u00e5lsson,<br>Paola Evangelista,&nbsp;Tiffi,&nbsp;Eva Bergstr\u00f6m,Gitte Lilja,<br>Micke Maximenko &nbsp;,Bj\u00f6rn V\u00e5rsj\u00f6,Ulriqa Fernqvist, Videocollective Bijari<br>Alex Leandro,Danilo Chagas, Sidn\u00e9ia Mendes, Josef Gordon,Lukas Berkemar, Fares Qadri, Franco Veloz,Kristian Nielsen.<\/p>\n<p><\/p>\n\n\n<div class=\"wp-block-media-text alignwide is-stacked-on-mobile\"><figure class=\"wp-block-media-text__media\"><img decoding=\"async\" loading=\"lazy\" width=\"790\" height=\"675\" src=\"https:\/\/www.darlingdesperados.com\/wp-content\/uploads\/Skarmavbild-2023-12-12-kl.-20.45.52.png\" alt=\"\" class=\"wp-image-1651 size-full\" srcset=\"https:\/\/www.darlingdesperados.com\/wp-content\/uploads\/Skarmavbild-2023-12-12-kl.-20.45.52.png 790w, https:\/\/www.darlingdesperados.com\/wp-content\/uploads\/Skarmavbild-2023-12-12-kl.-20.45.52-300x256.png 300w, https:\/\/www.darlingdesperados.com\/wp-content\/uploads\/Skarmavbild-2023-12-12-kl.-20.45.52-768x656.png 768w, https:\/\/www.darlingdesperados.com\/wp-content\/uploads\/Skarmavbild-2023-12-12-kl.-20.45.52-400x342.png 400w\" sizes=\"(max-width: 790px) 100vw, 790px\" \/><\/figure><div class=\"wp-block-media-text__content\">\n<p><a href=\"https:\/\/www.darlingdesperados.com\/wp-content\/uploads\/Wonderful-Days-program-1.pdf\">https:\/\/www.darlingdesperados.com\/w<\/a><a href=\"https:\/\/www.darlingdesperados.com\/wp-content\/uploads\/Wonderful-Days-program-1.pdf\" target=\"_blank\" rel=\"noreferrer noopener\">p-content\/uploads\/Wonderful-Days-program-1.pdf<\/a><\/p>\n<\/div><\/div>\n","protected":false},"excerpt":{"rendered":"<p>2019 Wonderful Days is an artistic clash between musicians, dancers,actors and videoartist from Stockholm,Sao Paulo and London to create a poetic resistant against the dystopian world we are living in. Performed at MDT Sthlm in May 2019 with finance from Musikverket and Unga Klara Cast\/Crew-Dan Nakagawa,&nbsp;Ulrika Malmgren,Katta P\u00e5lsson,Paola Evangelista,&nbsp;Tiffi,&nbsp;Eva Bergstr\u00f6m,Gitte Lilja,Micke Maximenko &nbsp;,Bj\u00f6rn V\u00e5rsj\u00f6,Ulriqa Fernqvist, &hellip; <a href=\"https:\/\/www.darlingdesperados.com\/?page_id=760\" class=\"more-link\">Continue reading <span class=\"screen-reader-text\">WONDERFUL DAYS<\/span> <span class=\"meta-nav\">&rarr;<\/span><\/a><\/p>\n","protected":false},"author":3,"featured_media":1651,"parent":0,"menu_order":0,"comment_status":"closed","ping_status":"closed","template":"","meta":[],"_links":{"self":[{"href":"https:\/\/www.darlingdesperados.com\/index.php?rest_route=\/wp\/v2\/pages\/760"}],"collection":[{"href":"https:\/\/www.darlingdesperados.com\/index.php?rest_route=\/wp\/v2\/pages"}],"about":[{"href":"https:\/\/www.darlingdesperados.com\/index.php?rest_route=\/wp\/v2\/types\/page"}],"author":[{"embeddable":true,"href":"https:\/\/www.darlingdesperados.com\/index.php?rest_route=\/wp\/v2\/users\/3"}],"replies":[{"embeddable":true,"href":"https:\/\/www.darlingdesperados.com\/index.php?rest_route=%2Fwp%2Fv2%2Fcomments&post=760"}],"version-history":[{"count":12,"href":"https:\/\/www.darlingdesperados.com\/index.php?rest_route=\/wp\/v2\/pages\/760\/revisions"}],"predecessor-version":[{"id":1663,"href":"https:\/\/www.darlingdesperados.com\/index.php?rest_route=\/wp\/v2\/pages\/760\/revisions\/1663"}],"wp:featuredmedia":[{"embeddable":true,"href":"https:\/\/www.darlingdesperados.com\/index.php?rest_route=\/wp\/v2\/media\/1651"}],"wp:attachment":[{"href":"https:\/\/www.darlingdesperados.com\/index.php?rest_route=%2Fwp%2Fv2%2Fmedia&parent=760"}],"curies":[{"name":"wp","href":"https:\/\/api.w.org\/{rel}","templated":true}]}}