{"id":1936,"date":"2024-12-26T11:52:15","date_gmt":"2024-12-26T11:52:15","guid":{"rendered":"https:\/\/www.darlingdesperados.com\/?page_id=1936"},"modified":"2026-04-01T03:32:21","modified_gmt":"2026-04-01T03:32:21","slug":"current-projects","status":"publish","type":"page","link":"https:\/\/www.darlingdesperados.com\/?page_id=1936","title":{"rendered":"Current Project"},"content":{"rendered":"\n<figure class=\"is-layout-flex wp-block-gallery-1 wp-block-gallery has-nested-images columns-default is-cropped\">\n<figure class=\"wp-block-image size-large\"><img decoding=\"async\" loading=\"lazy\" width=\"1024\" height=\"1024\" data-id=\"1894\"  src=\"https:\/\/www.darlingdesperados.com\/wp-content\/uploads\/SiB-187-1024x1024.jpg\" alt=\"\" class=\"wp-image-1894\" srcset=\"https:\/\/www.darlingdesperados.com\/wp-content\/uploads\/SiB-187-1024x1024.jpg 1024w, https:\/\/www.darlingdesperados.com\/wp-content\/uploads\/SiB-187-300x300.jpg 300w, https:\/\/www.darlingdesperados.com\/wp-content\/uploads\/SiB-187-150x150.jpg 150w, https:\/\/www.darlingdesperados.com\/wp-content\/uploads\/SiB-187-768x768.jpg 768w, https:\/\/www.darlingdesperados.com\/wp-content\/uploads\/SiB-187-1536x1536.jpg 1536w, https:\/\/www.darlingdesperados.com\/wp-content\/uploads\/SiB-187-2048x2048.jpg 2048w, https:\/\/www.darlingdesperados.com\/wp-content\/uploads\/SiB-187-1250x1250.jpg 1250w, https:\/\/www.darlingdesperados.com\/wp-content\/uploads\/SiB-187-400x400.jpg 400w, https:\/\/www.darlingdesperados.com\/wp-content\/uploads\/SiB-187-200x200.jpg 200w\" sizes=\"(max-width: 1024px) 100vw, 1024px\" \/><\/figure>\n\n\n\n<figure class=\"wp-block-image size-large\"><img decoding=\"async\" loading=\"lazy\" width=\"1024\" height=\"683\" data-id=\"1898\"  src=\"https:\/\/www.darlingdesperados.com\/wp-content\/uploads\/SiB-334-1024x683.jpg\" alt=\"\" class=\"wp-image-1898\" srcset=\"https:\/\/www.darlingdesperados.com\/wp-content\/uploads\/SiB-334-1024x683.jpg 1024w, https:\/\/www.darlingdesperados.com\/wp-content\/uploads\/SiB-334-300x200.jpg 300w, https:\/\/www.darlingdesperados.com\/wp-content\/uploads\/SiB-334-768x512.jpg 768w, https:\/\/www.darlingdesperados.com\/wp-content\/uploads\/SiB-334-1536x1024.jpg 1536w, https:\/\/www.darlingdesperados.com\/wp-content\/uploads\/SiB-334-2048x1365.jpg 2048w, https:\/\/www.darlingdesperados.com\/wp-content\/uploads\/SiB-334-1250x833.jpg 1250w, https:\/\/www.darlingdesperados.com\/wp-content\/uploads\/SiB-334-400x267.jpg 400w\" sizes=\"(max-width: 1024px) 100vw, 1024px\" \/><\/figure>\n\n\n\n<figure class=\"wp-block-image size-large\"><img decoding=\"async\" loading=\"lazy\" width=\"683\" height=\"1024\" data-id=\"1897\"  src=\"https:\/\/www.darlingdesperados.com\/wp-content\/uploads\/SiB-289-scaled-e1735214406379-683x1024.jpg\" alt=\"\" class=\"wp-image-1897\" srcset=\"https:\/\/www.darlingdesperados.com\/wp-content\/uploads\/SiB-289-scaled-e1735214406379-683x1024.jpg 683w, https:\/\/www.darlingdesperados.com\/wp-content\/uploads\/SiB-289-scaled-e1735214406379-200x300.jpg 200w, https:\/\/www.darlingdesperados.com\/wp-content\/uploads\/SiB-289-scaled-e1735214406379-768x1152.jpg 768w, https:\/\/www.darlingdesperados.com\/wp-content\/uploads\/SiB-289-scaled-e1735214406379-1024x1536.jpg 1024w, https:\/\/www.darlingdesperados.com\/wp-content\/uploads\/SiB-289-scaled-e1735214406379-400x600.jpg 400w, https:\/\/www.darlingdesperados.com\/wp-content\/uploads\/SiB-289-scaled-e1735214406379.jpg 1071w\" sizes=\"(max-width: 683px) 100vw, 683px\" \/><\/figure>\n\n\n\n<figure class=\"wp-block-image size-large\"><img decoding=\"async\" loading=\"lazy\" width=\"1024\" height=\"683\" data-id=\"1896\"  src=\"https:\/\/www.darlingdesperados.com\/wp-content\/uploads\/SiB-278-1024x683.jpg\" alt=\"\" class=\"wp-image-1896\" srcset=\"https:\/\/www.darlingdesperados.com\/wp-content\/uploads\/SiB-278-1024x683.jpg 1024w, https:\/\/www.darlingdesperados.com\/wp-content\/uploads\/SiB-278-300x200.jpg 300w, https:\/\/www.darlingdesperados.com\/wp-content\/uploads\/SiB-278-768x512.jpg 768w, https:\/\/www.darlingdesperados.com\/wp-content\/uploads\/SiB-278-1536x1024.jpg 1536w, https:\/\/www.darlingdesperados.com\/wp-content\/uploads\/SiB-278-2048x1365.jpg 2048w, https:\/\/www.darlingdesperados.com\/wp-content\/uploads\/SiB-278-1250x833.jpg 1250w, https:\/\/www.darlingdesperados.com\/wp-content\/uploads\/SiB-278-400x267.jpg 400w\" sizes=\"(max-width: 1024px) 100vw, 1024px\" \/><\/figure>\n\n\n\n<figure class=\"wp-block-image size-large\"><img decoding=\"async\" loading=\"lazy\" width=\"1024\" height=\"683\" data-id=\"1895\"  src=\"https:\/\/www.darlingdesperados.com\/wp-content\/uploads\/SiB-271-1024x683.jpg\" alt=\"\" class=\"wp-image-1895\" srcset=\"https:\/\/www.darlingdesperados.com\/wp-content\/uploads\/SiB-271-1024x683.jpg 1024w, https:\/\/www.darlingdesperados.com\/wp-content\/uploads\/SiB-271-300x200.jpg 300w, https:\/\/www.darlingdesperados.com\/wp-content\/uploads\/SiB-271-768x512.jpg 768w, https:\/\/www.darlingdesperados.com\/wp-content\/uploads\/SiB-271-1536x1024.jpg 1536w, https:\/\/www.darlingdesperados.com\/wp-content\/uploads\/SiB-271-2048x1365.jpg 2048w, https:\/\/www.darlingdesperados.com\/wp-content\/uploads\/SiB-271-1250x833.jpg 1250w, https:\/\/www.darlingdesperados.com\/wp-content\/uploads\/SiB-271-400x267.jpg 400w\" sizes=\"(max-width: 1024px) 100vw, 1024px\" \/><\/figure>\n<\/figure>\n\n\n<p><strong>Sn\u00f6n i Brasilien &#8211; Anna du kan v\u00e4l stanna\u00a0\u00e4r en f\u00f6rest\u00e4llning om tv\u00e5 systrar, en brokig familjehistoria och en samling mystiska brev fr\u00e5n Brasilien.\u00a0<\/strong><em>Sn\u00f6n i Brasilien \u2013 Anna du kan v\u00e4l stanna<\/em>\u00a0\u00e4r en tragikomisk och bisarr saga om systerskap, dr\u00f6mmar och den d\u00e4r gnistan som v\u00e4grar slockna.<\/p>\n\n\n<div class=\"is-layout-flex wp-block-buttons\">\n<div class=\"wp-block-button\"><a class=\"wp-block-button__link wp-element-button\" href=\"https:\/\/www.darlingdesperados.com\/?page_id=1744\" target=\"_blank\" rel=\"noreferrer noopener\">Sn\u00f6n I Brasilien<\/a><\/div>\n<\/div>\n","protected":false},"excerpt":{"rendered":"<p>Sn\u00f6n i Brasilien &#8211; Anna du kan v\u00e4l stanna\u00a0\u00e4r en f\u00f6rest\u00e4llning om tv\u00e5 systrar, en brokig familjehistoria och en samling mystiska brev fr\u00e5n Brasilien.\u00a0Sn\u00f6n i Brasilien \u2013 Anna du kan v\u00e4l stanna\u00a0\u00e4r en tragikomisk och bisarr saga om systerskap, dr\u00f6mmar och den d\u00e4r gnistan som v\u00e4grar slockna.<\/p>\n","protected":false},"author":1,"featured_media":1897,"parent":0,"menu_order":0,"comment_status":"closed","ping_status":"closed","template":"","meta":[],"_links":{"self":[{"href":"https:\/\/www.darlingdesperados.com\/index.php?rest_route=\/wp\/v2\/pages\/1936"}],"collection":[{"href":"https:\/\/www.darlingdesperados.com\/index.php?rest_route=\/wp\/v2\/pages"}],"about":[{"href":"https:\/\/www.darlingdesperados.com\/index.php?rest_route=\/wp\/v2\/types\/page"}],"author":[{"embeddable":true,"href":"https:\/\/www.darlingdesperados.com\/index.php?rest_route=\/wp\/v2\/users\/1"}],"replies":[{"embeddable":true,"href":"https:\/\/www.darlingdesperados.com\/index.php?rest_route=%2Fwp%2Fv2%2Fcomments&post=1936"}],"version-history":[{"count":8,"href":"https:\/\/www.darlingdesperados.com\/index.php?rest_route=\/wp\/v2\/pages\/1936\/revisions"}],"predecessor-version":[{"id":2253,"href":"https:\/\/www.darlingdesperados.com\/index.php?rest_route=\/wp\/v2\/pages\/1936\/revisions\/2253"}],"wp:featuredmedia":[{"embeddable":true,"href":"https:\/\/www.darlingdesperados.com\/index.php?rest_route=\/wp\/v2\/media\/1897"}],"wp:attachment":[{"href":"https:\/\/www.darlingdesperados.com\/index.php?rest_route=%2Fwp%2Fv2%2Fmedia&parent=1936"}],"curies":[{"name":"wp","href":"https:\/\/api.w.org\/{rel}","templated":true}]}}