{"id":1864,"date":"2024-10-28T20:04:27","date_gmt":"2024-10-28T20:04:27","guid":{"rendered":"https:\/\/www.darlingdesperados.com\/?page_id=1864"},"modified":"2024-10-28T20:18:12","modified_gmt":"2024-10-28T20:18:12","slug":"bergmanvecka","status":"publish","type":"page","link":"https:\/\/www.darlingdesperados.com\/?page_id=1864","title":{"rendered":"Bergmanvecka"},"content":{"rendered":"<p style=\"text-align: right;\"><img decoding=\"async\" loading=\"lazy\" class=\"alignnone size-full wp-image-1870\" src=\"https:\/\/www.darlingdesperados.com\/wp-content\/uploads\/Skarmavbild-2024-10-22-kl.-05.41.07.png\" alt=\"\" width=\"682\" height=\"307\" srcset=\"https:\/\/www.darlingdesperados.com\/wp-content\/uploads\/Skarmavbild-2024-10-22-kl.-05.41.07.png 682w, https:\/\/www.darlingdesperados.com\/wp-content\/uploads\/Skarmavbild-2024-10-22-kl.-05.41.07-300x135.png 300w, https:\/\/www.darlingdesperados.com\/wp-content\/uploads\/Skarmavbild-2024-10-22-kl.-05.41.07-400x180.png 400w\" sizes=\"(max-width: 682px) 100vw, 682px\" \/><\/p>\n<p><em>P\u00e5 med headsetet och kliv in i en postpandemisk v\u00e4rld! Upplev VR-verken THE ROAD av gruppen Darling&nbsp; Desperados, inspirerat av s\u00e5v\u00e4l Ingmar Bergman som <\/em><\/p>\n<p><em>Andrej Tarkovskij., och ett marint framtida landskap i SEA NO EVIL. Bakom THE ROAD st\u00e5r femton konstn\u00e4rer, filmare, sk\u00e5despelare, komposit\u00f6rer och tekniker. Historien \u00e4r skriven tillsammans med den sydafrikanske dramatikern Philisiwe Twijnstra och handlar om hur vi lever och \u00f6verlever v\u00e5ra liv, utifr\u00e5n vitt skilda levnadsf\u00f6rh\u00e5llanden. I VR-verket SEA NO EVIL har konstn\u00e4ren Valentin Malmgren skapat en magisk under-vattenv\u00e4rld med ett apokalyptiskt korallrev. <\/em><\/p>\n\n\n<figure class=\"is-layout-flex wp-block-gallery-1 wp-block-gallery has-nested-images columns-default is-cropped\">\n<figure class=\"wp-block-image size-large\"><img decoding=\"async\" loading=\"lazy\" width=\"1024\" height=\"683\" data-id=\"1873\"  src=\"https:\/\/www.darlingdesperados.com\/wp-content\/uploads\/VR-talt_Darling_Desperados_BergmanWeek_2024_D4_YaninaIsla_Print_001-1024x683.jpg\" alt=\"\" class=\"wp-image-1873\" srcset=\"https:\/\/www.darlingdesperados.com\/wp-content\/uploads\/VR-talt_Darling_Desperados_BergmanWeek_2024_D4_YaninaIsla_Print_001-1024x683.jpg 1024w, https:\/\/www.darlingdesperados.com\/wp-content\/uploads\/VR-talt_Darling_Desperados_BergmanWeek_2024_D4_YaninaIsla_Print_001-300x200.jpg 300w, https:\/\/www.darlingdesperados.com\/wp-content\/uploads\/VR-talt_Darling_Desperados_BergmanWeek_2024_D4_YaninaIsla_Print_001-768x512.jpg 768w, https:\/\/www.darlingdesperados.com\/wp-content\/uploads\/VR-talt_Darling_Desperados_BergmanWeek_2024_D4_YaninaIsla_Print_001-1536x1024.jpg 1536w, https:\/\/www.darlingdesperados.com\/wp-content\/uploads\/VR-talt_Darling_Desperados_BergmanWeek_2024_D4_YaninaIsla_Print_001-2048x1365.jpg 2048w, https:\/\/www.darlingdesperados.com\/wp-content\/uploads\/VR-talt_Darling_Desperados_BergmanWeek_2024_D4_YaninaIsla_Print_001-1250x833.jpg 1250w, https:\/\/www.darlingdesperados.com\/wp-content\/uploads\/VR-talt_Darling_Desperados_BergmanWeek_2024_D4_YaninaIsla_Print_001-400x267.jpg 400w\" sizes=\"(max-width: 1024px) 100vw, 1024px\" \/><\/figure>\n\n\n\n<figure class=\"wp-block-image size-large\"><img decoding=\"async\" loading=\"lazy\" width=\"819\" height=\"1024\" data-id=\"1869\"  src=\"https:\/\/www.darlingdesperados.com\/wp-content\/uploads\/F4-819x1024.jpg\" alt=\"\" class=\"wp-image-1869\" srcset=\"https:\/\/www.darlingdesperados.com\/wp-content\/uploads\/F4-819x1024.jpg 819w, https:\/\/www.darlingdesperados.com\/wp-content\/uploads\/F4-240x300.jpg 240w, https:\/\/www.darlingdesperados.com\/wp-content\/uploads\/F4-768x960.jpg 768w, https:\/\/www.darlingdesperados.com\/wp-content\/uploads\/F4-400x500.jpg 400w, https:\/\/www.darlingdesperados.com\/wp-content\/uploads\/F4.jpg 1080w\" sizes=\"(max-width: 819px) 100vw, 819px\" \/><\/figure>\n<\/figure>\n\n\n\n<figure class=\"is-layout-flex wp-block-gallery-3 wp-block-gallery has-nested-images columns-default is-cropped\">\n<figure class=\"wp-block-image size-large\"><img decoding=\"async\" loading=\"lazy\" width=\"1024\" height=\"683\" data-id=\"1871\"  src=\"https:\/\/www.darlingdesperados.com\/wp-content\/uploads\/Utanfor_VR_taltet_havet_BergmanWeek_2024_D4_YaninaIsla_Print_008-1024x683.jpg\" alt=\"\" class=\"wp-image-1871\" srcset=\"https:\/\/www.darlingdesperados.com\/wp-content\/uploads\/Utanfor_VR_taltet_havet_BergmanWeek_2024_D4_YaninaIsla_Print_008-1024x683.jpg 1024w, https:\/\/www.darlingdesperados.com\/wp-content\/uploads\/Utanfor_VR_taltet_havet_BergmanWeek_2024_D4_YaninaIsla_Print_008-300x200.jpg 300w, https:\/\/www.darlingdesperados.com\/wp-content\/uploads\/Utanfor_VR_taltet_havet_BergmanWeek_2024_D4_YaninaIsla_Print_008-768x512.jpg 768w, https:\/\/www.darlingdesperados.com\/wp-content\/uploads\/Utanfor_VR_taltet_havet_BergmanWeek_2024_D4_YaninaIsla_Print_008-1536x1024.jpg 1536w, https:\/\/www.darlingdesperados.com\/wp-content\/uploads\/Utanfor_VR_taltet_havet_BergmanWeek_2024_D4_YaninaIsla_Print_008-2048x1365.jpg 2048w, https:\/\/www.darlingdesperados.com\/wp-content\/uploads\/Utanfor_VR_taltet_havet_BergmanWeek_2024_D4_YaninaIsla_Print_008-1250x833.jpg 1250w, https:\/\/www.darlingdesperados.com\/wp-content\/uploads\/Utanfor_VR_taltet_havet_BergmanWeek_2024_D4_YaninaIsla_Print_008-400x267.jpg 400w\" sizes=\"(max-width: 1024px) 100vw, 1024px\" \/><\/figure>\n\n\n\n<figure class=\"wp-block-image size-large\"><img decoding=\"async\" loading=\"lazy\" width=\"819\" height=\"1024\" data-id=\"1881\"  src=\"https:\/\/www.darlingdesperados.com\/wp-content\/uploads\/F1-819x1024.jpg\" alt=\"\" class=\"wp-image-1881\" srcset=\"https:\/\/www.darlingdesperados.com\/wp-content\/uploads\/F1-819x1024.jpg 819w, https:\/\/www.darlingdesperados.com\/wp-content\/uploads\/F1-240x300.jpg 240w, https:\/\/www.darlingdesperados.com\/wp-content\/uploads\/F1-768x960.jpg 768w, https:\/\/www.darlingdesperados.com\/wp-content\/uploads\/F1-400x500.jpg 400w, https:\/\/www.darlingdesperados.com\/wp-content\/uploads\/F1.jpg 1080w\" sizes=\"(max-width: 819px) 100vw, 819px\" \/><\/figure>\n\n\n\n<figure class=\"wp-block-image size-large\"><img decoding=\"async\" loading=\"lazy\" width=\"1024\" height=\"683\" data-id=\"1872\"  src=\"https:\/\/www.darlingdesperados.com\/wp-content\/uploads\/VR-bilen_passagerare_BergmanWeek_2024_D4_YaninaIsla_Print_011-1024x683.jpg\" alt=\"\" class=\"wp-image-1872\" srcset=\"https:\/\/www.darlingdesperados.com\/wp-content\/uploads\/VR-bilen_passagerare_BergmanWeek_2024_D4_YaninaIsla_Print_011-1024x683.jpg 1024w, https:\/\/www.darlingdesperados.com\/wp-content\/uploads\/VR-bilen_passagerare_BergmanWeek_2024_D4_YaninaIsla_Print_011-300x200.jpg 300w, https:\/\/www.darlingdesperados.com\/wp-content\/uploads\/VR-bilen_passagerare_BergmanWeek_2024_D4_YaninaIsla_Print_011-768x512.jpg 768w, https:\/\/www.darlingdesperados.com\/wp-content\/uploads\/VR-bilen_passagerare_BergmanWeek_2024_D4_YaninaIsla_Print_011-1536x1024.jpg 1536w, https:\/\/www.darlingdesperados.com\/wp-content\/uploads\/VR-bilen_passagerare_BergmanWeek_2024_D4_YaninaIsla_Print_011-2048x1365.jpg 2048w, https:\/\/www.darlingdesperados.com\/wp-content\/uploads\/VR-bilen_passagerare_BergmanWeek_2024_D4_YaninaIsla_Print_011-1250x833.jpg 1250w, https:\/\/www.darlingdesperados.com\/wp-content\/uploads\/VR-bilen_passagerare_BergmanWeek_2024_D4_YaninaIsla_Print_011-400x267.jpg 400w\" sizes=\"(max-width: 1024px) 100vw, 1024px\" \/><\/figure>\n<\/figure>\n\n\n\n<figure class=\"is-layout-flex wp-block-gallery-5 wp-block-gallery has-nested-images columns-default is-cropped\">\n<figure class=\"wp-block-image size-large\"><img decoding=\"async\" loading=\"lazy\" width=\"480\" height=\"1024\" data-id=\"1866\"  src=\"https:\/\/www.darlingdesperados.com\/wp-content\/uploads\/0009dd77-79f5-4fe4-9400-5462a43642ce-480x1024.jpg\" alt=\"\" class=\"wp-image-1866\" srcset=\"https:\/\/www.darlingdesperados.com\/wp-content\/uploads\/0009dd77-79f5-4fe4-9400-5462a43642ce-480x1024.jpg 480w, https:\/\/www.darlingdesperados.com\/wp-content\/uploads\/0009dd77-79f5-4fe4-9400-5462a43642ce-141x300.jpg 141w, https:\/\/www.darlingdesperados.com\/wp-content\/uploads\/0009dd77-79f5-4fe4-9400-5462a43642ce-768x1638.jpg 768w, https:\/\/www.darlingdesperados.com\/wp-content\/uploads\/0009dd77-79f5-4fe4-9400-5462a43642ce-720x1536.jpg 720w, https:\/\/www.darlingdesperados.com\/wp-content\/uploads\/0009dd77-79f5-4fe4-9400-5462a43642ce-400x853.jpg 400w, https:\/\/www.darlingdesperados.com\/wp-content\/uploads\/0009dd77-79f5-4fe4-9400-5462a43642ce.jpg 960w\" sizes=\"(max-width: 480px) 100vw, 480px\" \/><\/figure>\n<\/figure>\n","protected":false},"excerpt":{"rendered":"<p>P\u00e5 med headsetet och kliv in i en postpandemisk v\u00e4rld! Upplev VR-verken THE ROAD av gruppen Darling&nbsp; Desperados, inspirerat av s\u00e5v\u00e4l Ingmar Bergman som Andrej Tarkovskij., och ett marint framtida landskap i SEA NO EVIL. Bakom THE ROAD st\u00e5r femton konstn\u00e4rer, filmare, sk\u00e5despelare, komposit\u00f6rer och tekniker. Historien \u00e4r skriven tillsammans med den sydafrikanske dramatikern Philisiwe &hellip; <a href=\"https:\/\/www.darlingdesperados.com\/?page_id=1864\" class=\"more-link\">Continue reading <span class=\"screen-reader-text\">Bergmanvecka<\/span> <span class=\"meta-nav\">&rarr;<\/span><\/a><\/p>\n","protected":false},"author":1,"featured_media":0,"parent":0,"menu_order":0,"comment_status":"closed","ping_status":"closed","template":"","meta":[],"_links":{"self":[{"href":"https:\/\/www.darlingdesperados.com\/index.php?rest_route=\/wp\/v2\/pages\/1864"}],"collection":[{"href":"https:\/\/www.darlingdesperados.com\/index.php?rest_route=\/wp\/v2\/pages"}],"about":[{"href":"https:\/\/www.darlingdesperados.com\/index.php?rest_route=\/wp\/v2\/types\/page"}],"author":[{"embeddable":true,"href":"https:\/\/www.darlingdesperados.com\/index.php?rest_route=\/wp\/v2\/users\/1"}],"replies":[{"embeddable":true,"href":"https:\/\/www.darlingdesperados.com\/index.php?rest_route=%2Fwp%2Fv2%2Fcomments&post=1864"}],"version-history":[{"count":3,"href":"https:\/\/www.darlingdesperados.com\/index.php?rest_route=\/wp\/v2\/pages\/1864\/revisions"}],"predecessor-version":[{"id":1885,"href":"https:\/\/www.darlingdesperados.com\/index.php?rest_route=\/wp\/v2\/pages\/1864\/revisions\/1885"}],"wp:attachment":[{"href":"https:\/\/www.darlingdesperados.com\/index.php?rest_route=%2Fwp%2Fv2%2Fmedia&parent=1864"}],"curies":[{"name":"wp","href":"https:\/\/api.w.org\/{rel}","templated":true}]}}