{"id":1744,"date":"2024-08-20T04:35:22","date_gmt":"2024-08-20T04:35:22","guid":{"rendered":"https:\/\/www.darlingdesperados.com\/?page_id=1744"},"modified":"2026-04-01T03:25:00","modified_gmt":"2026-04-01T03:25:00","slug":"snon-i-brasilien-anna-du-kan-val-stanna","status":"publish","type":"page","link":"https:\/\/www.darlingdesperados.com\/?page_id=1744","title":{"rendered":"SN\u00d6N I BRASILIEN"},"content":{"rendered":"\n<p>-Anna du kan v\u00e4l stanna<\/p>\n\n\n\n<div class=\"is-layout-flex wp-block-buttons\"><\/div>\n\n\n<p>GET YOUR TICKETS: 14-15 april<\/p>\n<p><a href=\"https:\/\/norrbottensteatern.se\/forestallningar\/822--snon-i-brasilien\">https:\/\/norrbottensteatern.se\/forestallningar\/822&#8211;snon-i-brasilien<\/a><\/p>\n<p><img decoding=\"async\" loading=\"lazy\" class=\"wp-image-1749 alignleft\" src=\"https:\/\/www.darlingdesperados.com\/wp-content\/uploads\/anna40-1024x576.png\" alt=\"\" width=\"708\" height=\"399\" srcset=\"https:\/\/www.darlingdesperados.com\/wp-content\/uploads\/anna40-1024x576.png 1024w, https:\/\/www.darlingdesperados.com\/wp-content\/uploads\/anna40-300x169.png 300w, https:\/\/www.darlingdesperados.com\/wp-content\/uploads\/anna40-768x432.png 768w, https:\/\/www.darlingdesperados.com\/wp-content\/uploads\/anna40-1536x864.png 1536w, https:\/\/www.darlingdesperados.com\/wp-content\/uploads\/anna40-1250x703.png 1250w, https:\/\/www.darlingdesperados.com\/wp-content\/uploads\/anna40-400x225.png 400w, https:\/\/www.darlingdesperados.com\/wp-content\/uploads\/anna40.png 1920w\" sizes=\"(max-width: 708px) 100vw, 708px\" \/><\/p>\n\n\n<figure class=\"wp-block-audio\"><audio controls src=\"https:\/\/www.darlingdesperados.com\/wp-content\/uploads\/szinskisistersonthemove_0813.wav\" loop><\/audio><\/figure>\n\n\n\n<figure class=\"wp-block-video\"><video autoplay controls src=\"https:\/\/www.darlingdesperados.com\/wp-content\/uploads\/Snon-i-Brasilien-Spot-Square-Aug-30.mov\"><\/video><figcaption class=\"wp-element-caption\">Video by Albin Ok\u00e9 @albinonin<\/figcaption><\/figure>\n\n\n<p>On a remote Island far away in the Bothnia Bay, we enter this dystopian story, specially written and dedicated to Darling Desperados.<\/p>\n<p>A strong rumbling sound sweeps over the island, but is it really the storm?<\/p>\n<p>The legendary Staffan G\u00f6the &amp; Bengt Braskered is once again teaming up with Darling Desperados ,Ulrika Malmgren &amp; Katta P\u00e5lsson in this international collaboration between Brazil and Sweden.<\/p>\n<p>The performance take place on the edge between cabaret and performance where the actors, live music , set design and visuals are collaborating with the audience.<\/p>\n<p>The interaction between each artistic expression in the tragic portrayal of love and death welcomes you to another dimension. Traditions and experiments from both Europe and South America are combined into a world of its own.<\/p>\n<p>The characters are driven by love, hope and longing but are thrown out in a world they don\u2019t understand and that is trying to throw them out.<\/p>\n<p>Anna struggles with old memories of success and Jonna tries to find a new life with her love. Their neighbour Hannes is a stalker, while Lady The Dragqueen lives in the cabaret and inspires her friend Anna.<\/p>\n<p>The importance of international collaborations is increasing in times of the dismantling of democracy. The theme of the play is global. The show is dedicated to all of you who carry a dream and trying to exist despite life&#8217;s incurable loneliness and shattered dreams of love and belonging.<\/p>\n<p>Av: Rodolfo Garcia V\u00e1zquez &amp; Ivam Cabral&nbsp;<br>Regi&amp;Ljus : Rodolfo Garcia V\u00e1zquez&nbsp;<br>Kostym Adriana Vaz och Leticia Gomide&nbsp;<br>Musik: Henrik L\u00f6rstad<br>Animationer:Franco Veloz<br>Scenografiass\/Rekvisita : Leif Persson<br>Maskdesign :Eva Lena J\u00f6nsson Lunde<br>Ljusteknik : Kajsa -Sara Hogelid<br>Tekniker :Ali Lali &amp; Alfons Wiberg<br>\u00d6vers\u00e4ttning :Bianca Cruzeiro<br>R\u00f6relseworkshop: Bj\u00f6rn V\u00e5rsj\u00f6<br>Poster:Diego Ribeiro<br>Fotoutst\u00e4llning Malm\u00f6\u00e5ren med Darlings Desperados: <br>Hans Jonsson<br>Produktion:Ulrika Malmgren &amp; Katta P\u00e5lsson<\/p>\n<p><img decoding=\"async\" loading=\"lazy\" class=\"alignnone size-full wp-image-1774\" src=\"https:\/\/www.darlingdesperados.com\/wp-content\/uploads\/Namnlos.jpg\" alt=\"\" width=\"736\" height=\"736\" srcset=\"https:\/\/www.darlingdesperados.com\/wp-content\/uploads\/Namnlos.jpg 736w, https:\/\/www.darlingdesperados.com\/wp-content\/uploads\/Namnlos-300x300.jpg 300w, https:\/\/www.darlingdesperados.com\/wp-content\/uploads\/Namnlos-150x150.jpg 150w, https:\/\/www.darlingdesperados.com\/wp-content\/uploads\/Namnlos-400x400.jpg 400w, https:\/\/www.darlingdesperados.com\/wp-content\/uploads\/Namnlos-200x200.jpg 200w\" sizes=\"(max-width: 736px) 100vw, 736px\" \/><\/p>\n<p>So far we performed at Moriska Paviljongen-Malm\u00f6 &amp; \u00d62-Stockholm Unga Klara -Stockholm<br>More shows in the planing, soon coming up.<\/p>\n<p><\/p>\n\n\n<figure class=\"is-layout-flex wp-block-gallery-2 wp-block-gallery has-nested-images columns-default is-cropped\">\n<figure class=\"wp-block-image size-large\"><img decoding=\"async\" loading=\"lazy\" width=\"1024\" height=\"683\" data-id=\"1898\"  src=\"https:\/\/www.darlingdesperados.com\/wp-content\/uploads\/SiB-334-1024x683.jpg\" alt=\"\" class=\"wp-image-1898\" srcset=\"https:\/\/www.darlingdesperados.com\/wp-content\/uploads\/SiB-334-1024x683.jpg 1024w, https:\/\/www.darlingdesperados.com\/wp-content\/uploads\/SiB-334-300x200.jpg 300w, https:\/\/www.darlingdesperados.com\/wp-content\/uploads\/SiB-334-768x512.jpg 768w, https:\/\/www.darlingdesperados.com\/wp-content\/uploads\/SiB-334-1536x1024.jpg 1536w, https:\/\/www.darlingdesperados.com\/wp-content\/uploads\/SiB-334-2048x1365.jpg 2048w, https:\/\/www.darlingdesperados.com\/wp-content\/uploads\/SiB-334-1250x833.jpg 1250w, https:\/\/www.darlingdesperados.com\/wp-content\/uploads\/SiB-334-400x267.jpg 400w\" sizes=\"(max-width: 1024px) 100vw, 1024px\" \/><\/figure>\n\n\n\n<figure class=\"wp-block-image size-large\"><img decoding=\"async\" loading=\"lazy\" width=\"1024\" height=\"1024\" data-id=\"1894\"  src=\"https:\/\/www.darlingdesperados.com\/wp-content\/uploads\/SiB-187-1024x1024.jpg\" alt=\"\" class=\"wp-image-1894\" srcset=\"https:\/\/www.darlingdesperados.com\/wp-content\/uploads\/SiB-187-1024x1024.jpg 1024w, https:\/\/www.darlingdesperados.com\/wp-content\/uploads\/SiB-187-300x300.jpg 300w, https:\/\/www.darlingdesperados.com\/wp-content\/uploads\/SiB-187-150x150.jpg 150w, https:\/\/www.darlingdesperados.com\/wp-content\/uploads\/SiB-187-768x768.jpg 768w, https:\/\/www.darlingdesperados.com\/wp-content\/uploads\/SiB-187-1536x1536.jpg 1536w, https:\/\/www.darlingdesperados.com\/wp-content\/uploads\/SiB-187-2048x2048.jpg 2048w, https:\/\/www.darlingdesperados.com\/wp-content\/uploads\/SiB-187-1250x1250.jpg 1250w, https:\/\/www.darlingdesperados.com\/wp-content\/uploads\/SiB-187-400x400.jpg 400w, https:\/\/www.darlingdesperados.com\/wp-content\/uploads\/SiB-187-200x200.jpg 200w\" sizes=\"(max-width: 1024px) 100vw, 1024px\" \/><\/figure>\n\n\n\n<figure class=\"wp-block-image size-large\"><img decoding=\"async\" loading=\"lazy\" width=\"683\" height=\"1024\" data-id=\"1893\"  src=\"https:\/\/www.darlingdesperados.com\/wp-content\/uploads\/A7_02613-1-683x1024.jpg\" alt=\"\" class=\"wp-image-1893\" srcset=\"https:\/\/www.darlingdesperados.com\/wp-content\/uploads\/A7_02613-1-683x1024.jpg 683w, https:\/\/www.darlingdesperados.com\/wp-content\/uploads\/A7_02613-1-200x300.jpg 200w, https:\/\/www.darlingdesperados.com\/wp-content\/uploads\/A7_02613-1-768x1152.jpg 768w, https:\/\/www.darlingdesperados.com\/wp-content\/uploads\/A7_02613-1-1024x1536.jpg 1024w, https:\/\/www.darlingdesperados.com\/wp-content\/uploads\/A7_02613-1-1365x2048.jpg 1365w, https:\/\/www.darlingdesperados.com\/wp-content\/uploads\/A7_02613-1-1250x1875.jpg 1250w, https:\/\/www.darlingdesperados.com\/wp-content\/uploads\/A7_02613-1-400x600.jpg 400w, https:\/\/www.darlingdesperados.com\/wp-content\/uploads\/A7_02613-1.jpg 1536w\" sizes=\"(max-width: 683px) 100vw, 683px\" \/><\/figure>\n\n\n\n<figure class=\"wp-block-image size-large\"><img decoding=\"async\" data-id=\"1897\"  src=\"https:\/\/www.darlingdesperados.com\/wp-content\/uploads\/SiB-289-683x1024.jpg\" alt=\"\" class=\"wp-image-1897\"\/><\/figure>\n<\/figure>\n\n\n\n<figure class=\"is-layout-flex wp-block-gallery-4 wp-block-gallery has-nested-images columns-default is-cropped\">\n<figure class=\"wp-block-image size-large\"><img decoding=\"async\" loading=\"lazy\" width=\"1024\" height=\"683\" data-id=\"1895\"  src=\"https:\/\/www.darlingdesperados.com\/wp-content\/uploads\/SiB-271-1024x683.jpg\" alt=\"\" class=\"wp-image-1895\" srcset=\"https:\/\/www.darlingdesperados.com\/wp-content\/uploads\/SiB-271-1024x683.jpg 1024w, https:\/\/www.darlingdesperados.com\/wp-content\/uploads\/SiB-271-300x200.jpg 300w, https:\/\/www.darlingdesperados.com\/wp-content\/uploads\/SiB-271-768x512.jpg 768w, https:\/\/www.darlingdesperados.com\/wp-content\/uploads\/SiB-271-1536x1024.jpg 1536w, https:\/\/www.darlingdesperados.com\/wp-content\/uploads\/SiB-271-2048x1365.jpg 2048w, https:\/\/www.darlingdesperados.com\/wp-content\/uploads\/SiB-271-1250x833.jpg 1250w, https:\/\/www.darlingdesperados.com\/wp-content\/uploads\/SiB-271-400x267.jpg 400w\" sizes=\"(max-width: 1024px) 100vw, 1024px\" \/><\/figure>\n\n\n\n<figure class=\"wp-block-image size-large\"><img decoding=\"async\" loading=\"lazy\" width=\"1024\" height=\"683\" data-id=\"1896\"  src=\"https:\/\/www.darlingdesperados.com\/wp-content\/uploads\/SiB-278-1024x683.jpg\" alt=\"\" class=\"wp-image-1896\" srcset=\"https:\/\/www.darlingdesperados.com\/wp-content\/uploads\/SiB-278-1024x683.jpg 1024w, https:\/\/www.darlingdesperados.com\/wp-content\/uploads\/SiB-278-300x200.jpg 300w, https:\/\/www.darlingdesperados.com\/wp-content\/uploads\/SiB-278-768x512.jpg 768w, https:\/\/www.darlingdesperados.com\/wp-content\/uploads\/SiB-278-1536x1024.jpg 1536w, https:\/\/www.darlingdesperados.com\/wp-content\/uploads\/SiB-278-2048x1365.jpg 2048w, https:\/\/www.darlingdesperados.com\/wp-content\/uploads\/SiB-278-1250x833.jpg 1250w, https:\/\/www.darlingdesperados.com\/wp-content\/uploads\/SiB-278-400x267.jpg 400w\" sizes=\"(max-width: 1024px) 100vw, 1024px\" \/><\/figure>\n<\/figure>\n\n\n<p>Med st\u00f6d av :Statens Kulturr\u00e5d,Svante Bergstr\u00f6ms Teaterstiftelse:<br>Tack till:Gabriela Klink,Malin Hjelm,Bj\u00f6rn V\u00e5rsj\u00f6, Cathrine Hansson, teaterMoment,\u00d62,Moriska Paviljongen<\/p>","protected":false},"excerpt":{"rendered":"<p>-Anna du kan v\u00e4l stanna GET YOUR TICKETS: 14-15 april https:\/\/norrbottensteatern.se\/forestallningar\/822&#8211;snon-i-brasilien On a remote Island far away in the Bothnia Bay, we enter this dystopian story, specially written and dedicated to Darling Desperados. A strong rumbling sound sweeps over the island, but is it really the storm? The legendary Staffan G\u00f6the &amp; Bengt Braskered is &hellip; <a href=\"https:\/\/www.darlingdesperados.com\/?page_id=1744\" class=\"more-link\">Continue reading <span class=\"screen-reader-text\">SN\u00d6N I BRASILIEN<\/span> <span class=\"meta-nav\">&rarr;<\/span><\/a><\/p>\n","protected":false},"author":1,"featured_media":0,"parent":0,"menu_order":0,"comment_status":"closed","ping_status":"closed","template":"","meta":[],"_links":{"self":[{"href":"https:\/\/www.darlingdesperados.com\/index.php?rest_route=\/wp\/v2\/pages\/1744"}],"collection":[{"href":"https:\/\/www.darlingdesperados.com\/index.php?rest_route=\/wp\/v2\/pages"}],"about":[{"href":"https:\/\/www.darlingdesperados.com\/index.php?rest_route=\/wp\/v2\/types\/page"}],"author":[{"embeddable":true,"href":"https:\/\/www.darlingdesperados.com\/index.php?rest_route=\/wp\/v2\/users\/1"}],"replies":[{"embeddable":true,"href":"https:\/\/www.darlingdesperados.com\/index.php?rest_route=%2Fwp%2Fv2%2Fcomments&post=1744"}],"version-history":[{"count":37,"href":"https:\/\/www.darlingdesperados.com\/index.php?rest_route=\/wp\/v2\/pages\/1744\/revisions"}],"predecessor-version":[{"id":2249,"href":"https:\/\/www.darlingdesperados.com\/index.php?rest_route=\/wp\/v2\/pages\/1744\/revisions\/2249"}],"wp:attachment":[{"href":"https:\/\/www.darlingdesperados.com\/index.php?rest_route=%2Fwp%2Fv2%2Fmedia&parent=1744"}],"curies":[{"name":"wp","href":"https:\/\/api.w.org\/{rel}","templated":true}]}}